{"id":2598,"date":"2023-07-26T21:23:03","date_gmt":"2023-07-26T19:23:03","guid":{"rendered":"https:\/\/ganalis.com\/?page_id=2598"},"modified":"2023-07-28T09:57:46","modified_gmt":"2023-07-28T07:57:46","slug":"partenaire","status":"publish","type":"page","link":"https:\/\/ganalis.com\/en\/partenaire\/","title":{"rendered":"Partenariat"},"content":{"rendered":"<div data-elementor-type=\"wp-page\" data-elementor-id=\"2598\" class=\"elementor elementor-2598\">\n\t\t\t\t\t\t<section class=\"elementor-section elementor-top-section elementor-element elementor-element-13f43e5 elementor-section-boxed elementor-section-height-default elementor-section-height-default\" data-id=\"13f43e5\" data-element_type=\"section\" data-settings=\"{&quot;background_background&quot;:&quot;classic&quot;}\">\n\t\t\t\t\t\t\t<div class=\"elementor-background-overlay\"><\/div>\n\t\t\t\t\t\t\t<div class=\"elementor-container elementor-column-gap-default\">\n\t\t\t\t\t<div class=\"elementor-column elementor-col-100 elementor-top-column elementor-element elementor-element-4a5096d\" data-id=\"4a5096d\" data-element_type=\"column\">\n\t\t\t<div class=\"elementor-widget-wrap elementor-element-populated\">\n\t\t\t\t\t\t<div class=\"elementor-element elementor-element-d2e33f1 elementor-widget elementor-widget-heading\" data-id=\"d2e33f1\" data-element_type=\"widget\" data-widget_type=\"heading.default\">\n\t\t\t\t<div class=\"elementor-widget-container\">\n\t\t\t<style>\/*! elementor - v3.21.0 - 08-05-2024 *\/\n.elementor-heading-title{padding:0;margin:0;line-height:1}.elementor-widget-heading .elementor-heading-title[class*=elementor-size-]>a{color:inherit;font-size:inherit;line-height:inherit}.elementor-widget-heading .elementor-heading-title.elementor-size-small{font-size:15px}.elementor-widget-heading .elementor-heading-title.elementor-size-medium{font-size:19px}.elementor-widget-heading .elementor-heading-title.elementor-size-large{font-size:29px}.elementor-widget-heading .elementor-heading-title.elementor-size-xl{font-size:39px}.elementor-widget-heading .elementor-heading-title.elementor-size-xxl{font-size:59px}<\/style><h2 class=\"elementor-heading-title elementor-size-default\">Call for partners<\/h2>\t\t<\/div>\n\t\t\t\t<\/div>\n\t\t\t\t<div class=\"elementor-element elementor-element-70685dd elementor-align-center elementor-widget elementor-widget-breadcrumbs\" data-id=\"70685dd\" data-element_type=\"widget\" data-widget_type=\"breadcrumbs.default\">\n\t\t\t\t<div class=\"elementor-widget-container\">\n\t\t\t<p id=\"breadcrumbs\"><span><span><a href=\"https:\/\/ganalis.com\/en\/\">Home<\/a><\/span><\/span><\/p>\t\t<\/div>\n\t\t\t\t<\/div>\n\t\t\t\t\t<\/div>\n\t\t<\/div>\n\t\t\t\t\t<\/div>\n\t\t<\/section>\n\t\t\t\t<section class=\"elementor-section elementor-top-section elementor-element elementor-element-05756b4 elementor-section-boxed elementor-section-height-default elementor-section-height-default elementor-invisible\" data-id=\"05756b4\" data-element_type=\"section\" data-settings=\"{&quot;animation&quot;:&quot;slideInUp&quot;,&quot;animation_delay&quot;:100}\">\n\t\t\t\t\t\t<div class=\"elementor-container elementor-column-gap-default\">\n\t\t\t\t\t<div class=\"elementor-column elementor-col-50 elementor-top-column elementor-element elementor-element-6d95eb9\" data-id=\"6d95eb9\" data-element_type=\"column\">\n\t\t\t<div class=\"elementor-widget-wrap elementor-element-populated\">\n\t\t\t\t\t\t<div class=\"elementor-element elementor-element-4323005 elementor-widget elementor-widget-image\" data-id=\"4323005\" data-element_type=\"widget\" data-widget_type=\"image.default\">\n\t\t\t\t<div class=\"elementor-widget-container\">\n\t\t\t<style>\/*! elementor - v3.21.0 - 08-05-2024 *\/\n.elementor-widget-image{text-align:center}.elementor-widget-image a{display:inline-block}.elementor-widget-image a img[src$=\".svg\"]{width:48px}.elementor-widget-image img{vertical-align:middle;display:inline-block}<\/style>\t\t\t\t\t\t\t\t\t\t<img decoding=\"async\" src=\"https:\/\/ganalis.com\/wp-content\/uploads\/elementor\/thumbs\/partenariat-q9zvphdrvcv3bz6g5zr4u9vhtxxmiifu2tv331g5ew.jpg\" title=\"partenariat\" alt=\"partenariat\" loading=\"lazy\" \/>\t\t\t\t\t\t\t\t\t\t\t\t\t<\/div>\n\t\t\t\t<\/div>\n\t\t\t\t\t<\/div>\n\t\t<\/div>\n\t\t\t\t<div class=\"elementor-column elementor-col-50 elementor-top-column elementor-element elementor-element-dfbadfe\" data-id=\"dfbadfe\" data-element_type=\"column\">\n\t\t\t<div class=\"elementor-widget-wrap elementor-element-populated\">\n\t\t\t\t\t\t<div class=\"elementor-element elementor-element-96de6e1 elementor-widget elementor-widget-heading\" data-id=\"96de6e1\" data-element_type=\"widget\" data-widget_type=\"heading.default\">\n\t\t\t\t<div class=\"elementor-widget-container\">\n\t\t\t<h2 class=\"elementor-heading-title elementor-size-default\">OPPORTUNITE GANALIS SCHOOL<\/h2>\t\t<\/div>\n\t\t\t\t<\/div>\n\t\t\t\t<div class=\"elementor-element elementor-element-394a4a9 elementor-widget-laptop__width-initial elementor-widget elementor-widget-heading\" data-id=\"394a4a9\" data-element_type=\"widget\" data-widget_type=\"heading.default\">\n\t\t\t\t<div class=\"elementor-widget-container\">\n\t\t\t<h2 class=\"elementor-heading-title elementor-size-default\">En redistribuant les licences de Ganalis School, vous avez la possibilit\u00e9 de gagner jusqu'\u00e0   100 000 FCFA.<\/h2>\t\t<\/div>\n\t\t\t\t<\/div>\n\t\t\t\t<div class=\"elementor-element elementor-element-1b03624 elementor-widget elementor-widget-text-editor\" data-id=\"1b03624\" data-element_type=\"widget\" data-widget_type=\"text-editor.default\">\n\t\t\t\t<div class=\"elementor-widget-container\">\n\t\t\t<style>\/*! elementor - v3.21.0 - 08-05-2024 *\/\n.elementor-widget-text-editor.elementor-drop-cap-view-stacked .elementor-drop-cap{background-color:#69727d;color:#fff}.elementor-widget-text-editor.elementor-drop-cap-view-framed .elementor-drop-cap{color:#69727d;border:3px solid;background-color:transparent}.elementor-widget-text-editor:not(.elementor-drop-cap-view-default) .elementor-drop-cap{margin-top:8px}.elementor-widget-text-editor:not(.elementor-drop-cap-view-default) .elementor-drop-cap-letter{width:1em;height:1em}.elementor-widget-text-editor .elementor-drop-cap{float:left;text-align:center;line-height:1;font-size:50px}.elementor-widget-text-editor .elementor-drop-cap-letter{display:inline-block}<\/style>\t\t\t\t<p>En \u00e9tant partenaire de\u00a0<strong>Ganalis School<\/strong>\u00a0vous b\u00e9n\u00e9ficiez d\u2019un contrat entre\u00a0<strong>GANALIS<\/strong>\u00a0et\u00a0 l\u2019\u00e9cole int\u00e9ress\u00e9e par l\u2019application de gestion scolaire,\u00a0 de ce fait Ganalis s\u2019engage \u00e0 verser une commission \u00e0 chaque renouvellement de la licence par le client au partenaire pendant une p\u00e9riode de 5 ans.<\/p><p>La commission sera calcul\u00e9e en fonction de la cat\u00e9gorie de l\u2019\u00e9tablissement scolaire, sp\u00e9cifiquement le nombre d\u2019\u00e9l\u00e8ves inscrits. Le montant de la commission variera entre\u00a0<strong>20 000 FCFA<\/strong>\u00a0et\u00a0<strong>100 000 FCFA par an<\/strong>.<\/p>\t\t\t\t\t\t<\/div>\n\t\t\t\t<\/div>\n\t\t\t\t<div class=\"elementor-element elementor-element-58f79ef elementor-mobile_extra-align-center elementor-widget elementor-widget-button\" data-id=\"58f79ef\" data-element_type=\"widget\" data-widget_type=\"button.default\">\n\t\t\t\t<div class=\"elementor-widget-container\">\n\t\t\t\t\t<div class=\"elementor-button-wrapper\">\n\t\t\t<a class=\"elementor-button elementor-button-link elementor-size-md\" href=\"https:\/\/ganalis.com\/en\/contact\/\">\n\t\t\t\t\t\t<span class=\"elementor-button-content-wrapper\">\n\t\t\t\t\t\t<span class=\"elementor-button-icon elementor-align-icon-right\">\n\t\t\t\t<i aria-hidden=\"true\" class=\"far fa-arrow-alt-circle-right\"><\/i>\t\t\t<\/span>\n\t\t\t\t\t\t\t\t\t<span class=\"elementor-button-text\">Contact us <\/span>\n\t\t\t\t\t<\/span>\n\t\t\t\t\t<\/a>\n\t\t<\/div>\n\t\t\t\t<\/div>\n\t\t\t\t<\/div>\n\t\t\t\t\t<\/div>\n\t\t<\/div>\n\t\t\t\t\t<\/div>\n\t\t<\/section>\n\t\t\t\t<\/div>","protected":false},"excerpt":{"rendered":"<p>Appel aux partenaires OPPORTUNITE GANALIS SCHOOL En redistribuant les licences de Ganalis School, vous avez la possibilit\u00e9 de gagner jusqu&rsquo;\u00e0 100 000 FCFA. En \u00e9tant partenaire de\u00a0Ganalis School\u00a0vous b\u00e9n\u00e9ficiez d\u2019un contrat entre\u00a0GANALIS\u00a0et\u00a0 l\u2019\u00e9cole int\u00e9ress\u00e9e par l\u2019application de gestion scolaire,\u00a0 de ce fait Ganalis s\u2019engage \u00e0 verser une commission \u00e0 chaque renouvellement de la licence par [&hellip;]<\/p>","protected":false},"author":1,"featured_media":0,"parent":0,"menu_order":0,"comment_status":"closed","ping_status":"closed","template":"","meta":{"footnotes":""},"yoast_head":"<!-- This site is optimized with the Yoast SEO plugin v20.12 - https:\/\/yoast.com\/wordpress\/plugins\/seo\/ -->\n<title>Partenariat - Ganalis<\/title>\n<meta name=\"description\" content=\"Notre but est de donner de la valeur ajout\u00e9e \u00e0 votre entreprise, ce qui vous permettra d\u2019accro\u00eetre consid\u00e9rablement votre chiffre d\u2019affaires.\" \/>\n<meta name=\"robots\" content=\"index, follow, max-snippet:-1, max-image-preview:large, max-video-preview:-1\" \/>\n<link rel=\"canonical\" href=\"https:\/\/ganalis.com\/en\/partenaire\/\" \/>\n<meta property=\"og:locale\" content=\"en_US\" \/>\n<meta property=\"og:type\" content=\"article\" \/>\n<meta property=\"og:title\" content=\"Partenariat - Ganalis\" \/>\n<meta property=\"og:description\" content=\"Notre but est de donner de la valeur ajout\u00e9e \u00e0 votre entreprise, ce qui vous permettra d\u2019accro\u00eetre consid\u00e9rablement votre chiffre d\u2019affaires.\" \/>\n<meta property=\"og:url\" content=\"https:\/\/ganalis.com\/en\/partenaire\/\" \/>\n<meta property=\"og:site_name\" content=\"Ganalis\" \/>\n<meta property=\"article:publisher\" content=\"https:\/\/www.facebook.com\/ganalis.sas\" \/>\n<meta property=\"article:modified_time\" content=\"2023-07-28T07:57:46+00:00\" \/>\n<meta property=\"og:image\" content=\"https:\/\/ganalis.com\/wp-content\/uploads\/elementor\/thumbs\/partenariat-q9zvphdrvcv3bz6g5zr4u9vhtxxmiifu2tv331g5ew.jpg\" \/>\n<meta name=\"twitter:card\" content=\"summary_large_image\" \/>\n<meta name=\"twitter:site\" content=\"@Ganalis_\" \/>\n<meta name=\"twitter:label1\" content=\"Est. reading time\" \/>\n\t<meta name=\"twitter:data1\" content=\"1 minute\" \/>\n<script type=\"application\/ld+json\" class=\"yoast-schema-graph\">{\"@context\":\"https:\/\/schema.org\",\"@graph\":[{\"@type\":\"WebPage\",\"@id\":\"https:\/\/ganalis.com\/partenaire\/\",\"url\":\"https:\/\/ganalis.com\/partenaire\/\",\"name\":\"Partenariat - Ganalis\",\"isPartOf\":{\"@id\":\"https:\/\/ganalis.com\/#website\"},\"datePublished\":\"2023-07-26T19:23:03+00:00\",\"dateModified\":\"2023-07-28T07:57:46+00:00\",\"description\":\"Notre but est de donner de la valeur ajout\u00e9e \u00e0 votre entreprise, ce qui vous permettra d\u2019accro\u00eetre consid\u00e9rablement votre chiffre d\u2019affaires.\",\"breadcrumb\":{\"@id\":\"https:\/\/ganalis.com\/partenaire\/#breadcrumb\"},\"inLanguage\":\"en-US\",\"potentialAction\":[{\"@type\":\"ReadAction\",\"target\":[\"https:\/\/ganalis.com\/partenaire\/\"]}]},{\"@type\":\"BreadcrumbList\",\"@id\":\"https:\/\/ganalis.com\/partenaire\/#breadcrumb\",\"itemListElement\":[{\"@type\":\"ListItem\",\"position\":1,\"name\":\"Accueil\",\"item\":\"https:\/\/ganalis.com\/\"},{\"@type\":\"ListItem\",\"position\":2,\"name\":\"Partenariat\"}]},{\"@type\":\"WebSite\",\"@id\":\"https:\/\/ganalis.com\/#website\",\"url\":\"https:\/\/ganalis.com\/\",\"name\":\"Ganalis\",\"description\":\"Think differently to overcome your limits...\",\"publisher\":{\"@id\":\"https:\/\/ganalis.com\/#organization\"},\"alternateName\":\"Ganalis\",\"potentialAction\":[{\"@type\":\"SearchAction\",\"target\":{\"@type\":\"EntryPoint\",\"urlTemplate\":\"https:\/\/ganalis.com\/?s={search_term_string}\"},\"query-input\":\"required name=search_term_string\"}],\"inLanguage\":\"en-US\"},{\"@type\":\"Organization\",\"@id\":\"https:\/\/ganalis.com\/#organization\",\"name\":\"Ganalis\",\"alternateName\":\"Ganalis\",\"url\":\"https:\/\/ganalis.com\/\",\"logo\":{\"@type\":\"ImageObject\",\"inLanguage\":\"en-US\",\"@id\":\"https:\/\/ganalis.com\/#\/schema\/logo\/image\/\",\"url\":\"https:\/\/ganalis.com\/wp-content\/uploads\/2023\/07\/Ganalis_logo-1.png\",\"contentUrl\":\"https:\/\/ganalis.com\/wp-content\/uploads\/2023\/07\/Ganalis_logo-1.png\",\"width\":314,\"height\":98,\"caption\":\"Ganalis\"},\"image\":{\"@id\":\"https:\/\/ganalis.com\/#\/schema\/logo\/image\/\"},\"sameAs\":[\"https:\/\/www.facebook.com\/ganalis.sas\",\"https:\/\/twitter.com\/Ganalis_\",\"https:\/\/www.youtube.com\/channel\/UCpV2171OBKHA0UuoW360Glg\",\"https:\/\/www.linkedin.com\/company\/ganalis\"]}]}<\/script>\n<!-- \/ Yoast SEO plugin. -->","yoast_head_json":{"title":"Partenariat - Ganalis","description":"Notre but est de donner de la valeur ajout\u00e9e \u00e0 votre entreprise, ce qui vous permettra d\u2019accro\u00eetre consid\u00e9rablement votre chiffre d\u2019affaires.","robots":{"index":"index","follow":"follow","max-snippet":"max-snippet:-1","max-image-preview":"max-image-preview:large","max-video-preview":"max-video-preview:-1"},"canonical":"https:\/\/ganalis.com\/en\/partenaire\/","og_locale":"en_US","og_type":"article","og_title":"Partenariat - Ganalis","og_description":"Notre but est de donner de la valeur ajout\u00e9e \u00e0 votre entreprise, ce qui vous permettra d\u2019accro\u00eetre consid\u00e9rablement votre chiffre d\u2019affaires.","og_url":"https:\/\/ganalis.com\/en\/partenaire\/","og_site_name":"Ganalis","article_publisher":"https:\/\/www.facebook.com\/ganalis.sas","article_modified_time":"2023-07-28T07:57:46+00:00","og_image":[{"url":"https:\/\/ganalis.com\/wp-content\/uploads\/elementor\/thumbs\/partenariat-q9zvphdrvcv3bz6g5zr4u9vhtxxmiifu2tv331g5ew.jpg"}],"twitter_card":"summary_large_image","twitter_site":"@Ganalis_","twitter_misc":{"Est. reading time":"1 minute"},"schema":{"@context":"https:\/\/schema.org","@graph":[{"@type":"WebPage","@id":"https:\/\/ganalis.com\/partenaire\/","url":"https:\/\/ganalis.com\/partenaire\/","name":"Partenariat - Ganalis","isPartOf":{"@id":"https:\/\/ganalis.com\/#website"},"datePublished":"2023-07-26T19:23:03+00:00","dateModified":"2023-07-28T07:57:46+00:00","description":"Notre but est de donner de la valeur ajout\u00e9e \u00e0 votre entreprise, ce qui vous permettra d\u2019accro\u00eetre consid\u00e9rablement votre chiffre d\u2019affaires.","breadcrumb":{"@id":"https:\/\/ganalis.com\/partenaire\/#breadcrumb"},"inLanguage":"en-US","potentialAction":[{"@type":"ReadAction","target":["https:\/\/ganalis.com\/partenaire\/"]}]},{"@type":"BreadcrumbList","@id":"https:\/\/ganalis.com\/partenaire\/#breadcrumb","itemListElement":[{"@type":"ListItem","position":1,"name":"Accueil","item":"https:\/\/ganalis.com\/"},{"@type":"ListItem","position":2,"name":"Partenariat"}]},{"@type":"WebSite","@id":"https:\/\/ganalis.com\/#website","url":"https:\/\/ganalis.com\/","name":"Ganalis","description":"Think differently to overcome your limits...","publisher":{"@id":"https:\/\/ganalis.com\/#organization"},"alternateName":"Ganalis","potentialAction":[{"@type":"SearchAction","target":{"@type":"EntryPoint","urlTemplate":"https:\/\/ganalis.com\/?s={search_term_string}"},"query-input":"required name=search_term_string"}],"inLanguage":"en-US"},{"@type":"Organization","@id":"https:\/\/ganalis.com\/#organization","name":"Ganalis","alternateName":"Ganalis","url":"https:\/\/ganalis.com\/","logo":{"@type":"ImageObject","inLanguage":"en-US","@id":"https:\/\/ganalis.com\/#\/schema\/logo\/image\/","url":"https:\/\/ganalis.com\/wp-content\/uploads\/2023\/07\/Ganalis_logo-1.png","contentUrl":"https:\/\/ganalis.com\/wp-content\/uploads\/2023\/07\/Ganalis_logo-1.png","width":314,"height":98,"caption":"Ganalis"},"image":{"@id":"https:\/\/ganalis.com\/#\/schema\/logo\/image\/"},"sameAs":["https:\/\/www.facebook.com\/ganalis.sas","https:\/\/twitter.com\/Ganalis_","https:\/\/www.youtube.com\/channel\/UCpV2171OBKHA0UuoW360Glg","https:\/\/www.linkedin.com\/company\/ganalis"]}]}},"_links":{"self":[{"href":"https:\/\/ganalis.com\/en\/wp-json\/wp\/v2\/pages\/2598"}],"collection":[{"href":"https:\/\/ganalis.com\/en\/wp-json\/wp\/v2\/pages"}],"about":[{"href":"https:\/\/ganalis.com\/en\/wp-json\/wp\/v2\/types\/page"}],"author":[{"embeddable":true,"href":"https:\/\/ganalis.com\/en\/wp-json\/wp\/v2\/users\/1"}],"replies":[{"embeddable":true,"href":"https:\/\/ganalis.com\/en\/wp-json\/wp\/v2\/comments?post=2598"}],"version-history":[{"count":31,"href":"https:\/\/ganalis.com\/en\/wp-json\/wp\/v2\/pages\/2598\/revisions"}],"predecessor-version":[{"id":2804,"href":"https:\/\/ganalis.com\/en\/wp-json\/wp\/v2\/pages\/2598\/revisions\/2804"}],"wp:attachment":[{"href":"https:\/\/ganalis.com\/en\/wp-json\/wp\/v2\/media?parent=2598"}],"curies":[{"name":"wp","href":"https:\/\/api.w.org\/{rel}","templated":true}]}}